{"id":8487,"date":"2023-11-14T15:09:20","date_gmt":"2023-11-14T14:09:20","guid":{"rendered":"https:\/\/boutique.vaillante-academie.be\/?post_type=product&#038;p=8487"},"modified":"2024-03-04T12:31:02","modified_gmt":"2024-03-04T11:31:02","slug":"stege-le-grand-defi","status":"publish","type":"product","link":"https:\/\/boutique.vaillante-academie.be\/?product=stege-le-grand-defi","title":{"rendered":"Stage &#8211; Le Grand D\u00e9fi"},"content":{"rendered":"<p>LE STAGE DE PILOTAGE VAILLANTE ACAD\u00c9MIE EST UNIQUE !<\/p>\n","protected":false},"excerpt":{"rendered":"<p><strong><em>Le grand D\u00e9fi\u00a0&#8211; Journ\u00e9e compl\u00e8te \u00a0<\/em><\/strong><\/p>\n<p>Prix\u00a0: 1535,00 \u20ac tvac<\/p>\n<p>&nbsp;<\/p>\n<p>C\u2019est une exp\u00e9rience in\u00e9dite sur circuit qui vous sera propos\u00e9e, m\u00ealant pilotage, sensations et partage, en toute s\u00e9curit\u00e9.<\/p>\n<p>Vous serez encadr\u00e9s, guid\u00e9s et conseill\u00e9s par des moniteurs dipl\u00f4m\u00e9s BPJEPS form\u00e9s pour vous aider \u00e0 prendre un maximum de plaisir \u00e0 bord de la voiture.<\/p>\n<p>Les exp\u00e9riences de pilotage propos\u00e9es par la Vaillante Acad\u00e9mie s\u2019adaptent \u00e0 tous les niveaux de pilotage.<\/p>\n<p>Le seul d\u00e9tail qui ne bougera pas : le plaisir de conduire. Id\u00e9al pour se faire plaisir ou pour offrir.<\/p>\n<ul>\n<li>Circuit de Croix en Ternois<\/li>\n<\/ul>\n<p>&nbsp;<\/p>\n<p><strong>Description<\/strong><\/p>\n<ul>\n<li>Ouvert \u00e0 tous les niveaux de pilotage<\/li>\n<li>Horaire\u00a0: 08h00 \u00e0 18h00<\/li>\n<li>Petit-d\u00e9jeuner, Lunch midi et verre de l\u2019amiti\u00e9<\/li>\n<li>6 sessions de roulage par pilote<\/li>\n<li>Sessions de 5 tours<\/li>\n<li>Coaching personnalis\u00e9 entre chaque session<\/li>\n<li>Immersion totale\u00a0: pr\u00eat de l\u2019\u00e9quipement de pilotage Michel Vaillant<\/li>\n<li>Cadeau Michel Vaillant<\/li>\n<\/ul>\n<p>&nbsp;<\/p>\n<h4><\/h4>\n<p>&nbsp;<\/p>\n","protected":false},"featured_media":8488,"template":"","meta":[],"product_brand":[],"product_cat":[98],"product_tag":[],"class_list":{"0":"post-8487","1":"product","2":"type-product","3":"status-publish","4":"has-post-thumbnail","6":"product_cat-circuit","8":"first","9":"instock","10":"featured","11":"purchasable","12":"product-type-simple"},"_links":{"self":[{"href":"https:\/\/boutique.vaillante-academie.be\/index.php?rest_route=\/wp\/v2\/product\/8487","targetHints":{"allow":["GET"]}}],"collection":[{"href":"https:\/\/boutique.vaillante-academie.be\/index.php?rest_route=\/wp\/v2\/product"}],"about":[{"href":"https:\/\/boutique.vaillante-academie.be\/index.php?rest_route=\/wp\/v2\/types\/product"}],"version-history":[{"count":3,"href":"https:\/\/boutique.vaillante-academie.be\/index.php?rest_route=\/wp\/v2\/product\/8487\/revisions"}],"predecessor-version":[{"id":8510,"href":"https:\/\/boutique.vaillante-academie.be\/index.php?rest_route=\/wp\/v2\/product\/8487\/revisions\/8510"}],"wp:featuredmedia":[{"embeddable":true,"href":"https:\/\/boutique.vaillante-academie.be\/index.php?rest_route=\/wp\/v2\/media\/8488"}],"wp:attachment":[{"href":"https:\/\/boutique.vaillante-academie.be\/index.php?rest_route=%2Fwp%2Fv2%2Fmedia&parent=8487"}],"wp:term":[{"taxonomy":"product_brand","embeddable":true,"href":"https:\/\/boutique.vaillante-academie.be\/index.php?rest_route=%2Fwp%2Fv2%2Fproduct_brand&post=8487"},{"taxonomy":"product_cat","embeddable":true,"href":"https:\/\/boutique.vaillante-academie.be\/index.php?rest_route=%2Fwp%2Fv2%2Fproduct_cat&post=8487"},{"taxonomy":"product_tag","embeddable":true,"href":"https:\/\/boutique.vaillante-academie.be\/index.php?rest_route=%2Fwp%2Fv2%2Fproduct_tag&post=8487"}],"curies":[{"name":"wp","href":"https:\/\/api.w.org\/{rel}","templated":true}]}}