{"id":7656,"date":"2021-12-23T15:22:44","date_gmt":"2021-12-23T14:22:44","guid":{"rendered":"http:\/\/boutique.vaillante-academie.be\/?post_type=product&#038;p=7656"},"modified":"2023-06-23T15:12:32","modified_gmt":"2023-06-23T13:12:32","slug":"art-strips-le-mans57","status":"publish","type":"product","link":"https:\/\/boutique.vaillante-academie.be\/?product=art-strips-le-mans57","title":{"rendered":"Art Strips \u00ab\u00a0Le Mans&rsquo;57\u00a0\u00bb"},"content":{"rendered":"<p>3 H 30. Michel est au volant. Il a re\u00e7u ordre de \u00ab\u00a0pousser \u00e0 fond\u00a0\u00bb, et se trouve \u00e0 la seconde place, derri\u00e8re la Ferrari. Ensuite, les Jaguar et la Vaillante jaune. \u00ab\u00a0La 24e Heure\u00a0\u00bb est l\u2019une des cinq histoires courtes destin\u00e9es \u00e0 tester le h\u00e9ros cr\u00e9\u00e9 par Jean Graton aupr\u00e8s des lecteurs du Journal Tintin. Dans cette histoire d\u00e9crivant les coulisses des 24 Heures du Mans, Jean Graton se r\u00e9v\u00e8le d\u00e9j\u00e0 journaliste-dessinateur.<\/p>\n<p>Finitions :<\/p>\n<ul>\n<li>Tirage sur dibond sous plexiglas<\/li>\n<li>Tirage sur papier Fine Art Hahnem\u00fchle sur support aluminium encadr\u00e9 dans une caisse am\u00e9ricaine.<\/li>\n<\/ul>\n<p>D\u00e9lai et condition de livraison :<\/p>\n<ul>\n<li>D\u00e9lai de fabrication 2 \u00e0 3 semaines<\/li>\n<li>Livr\u00e9 sous carton et film plastique<\/li>\n<\/ul>\n<p>Chaque Michel Vaillant Art Strip est d\u00e9livr\u00e9 avec un Certificat d\u2019Authenticit\u00e9, limit\u00e9 \u00e0 30 exemplaires en Plexiglas et en Papier Fine Art.<\/p>\n<p>&nbsp;<\/p>\n<p>Pour toute commande, veuillez envoyer un mail \u00e0 info@vaillante-academie.be ou +32 471 90 58 11<\/p>\n<p>&nbsp;<\/p>\n","protected":false},"excerpt":{"rendered":"<p><span style=\"color: #ff0000;\">Uniquement sur demande<\/span><\/p>\n<p class=\"m_-8127735423462299587p1\"><span class=\"m_-8127735423462299587s1\"><strong>Pr\u00e9publication<\/strong>\u00a0dans le Journal Tintin en 1957<\/span><\/p>\n<p class=\"m_-8127735423462299587p1\"><span class=\"m_-8127735423462299587s1\"><strong>Premi\u00e8re \u00e9dition<\/strong>\u00a0en album en 2008\u00a0dans le tome 1 de l\u2019Int\u00e9grale Michel Vaillant<\/span><\/p>\n","protected":false},"featured_media":7661,"template":"","meta":[],"product_brand":[],"product_cat":[45],"product_tag":[44,71],"class_list":{"0":"post-7656","1":"product","2":"type-product","3":"status-publish","4":"has-post-thumbnail","6":"product_cat-art-strips","7":"product_tag-art-strips","8":"product_tag-michel-vaillant","10":"first","11":"instock","12":"taxable","13":"shipping-taxable","14":"product-type-simple"},"_links":{"self":[{"href":"https:\/\/boutique.vaillante-academie.be\/index.php?rest_route=\/wp\/v2\/product\/7656","targetHints":{"allow":["GET"]}}],"collection":[{"href":"https:\/\/boutique.vaillante-academie.be\/index.php?rest_route=\/wp\/v2\/product"}],"about":[{"href":"https:\/\/boutique.vaillante-academie.be\/index.php?rest_route=\/wp\/v2\/types\/product"}],"version-history":[{"count":1,"href":"https:\/\/boutique.vaillante-academie.be\/index.php?rest_route=\/wp\/v2\/product\/7656\/revisions"}],"predecessor-version":[{"id":8103,"href":"https:\/\/boutique.vaillante-academie.be\/index.php?rest_route=\/wp\/v2\/product\/7656\/revisions\/8103"}],"wp:featuredmedia":[{"embeddable":true,"href":"https:\/\/boutique.vaillante-academie.be\/index.php?rest_route=\/wp\/v2\/media\/7661"}],"wp:attachment":[{"href":"https:\/\/boutique.vaillante-academie.be\/index.php?rest_route=%2Fwp%2Fv2%2Fmedia&parent=7656"}],"wp:term":[{"taxonomy":"product_brand","embeddable":true,"href":"https:\/\/boutique.vaillante-academie.be\/index.php?rest_route=%2Fwp%2Fv2%2Fproduct_brand&post=7656"},{"taxonomy":"product_cat","embeddable":true,"href":"https:\/\/boutique.vaillante-academie.be\/index.php?rest_route=%2Fwp%2Fv2%2Fproduct_cat&post=7656"},{"taxonomy":"product_tag","embeddable":true,"href":"https:\/\/boutique.vaillante-academie.be\/index.php?rest_route=%2Fwp%2Fv2%2Fproduct_tag&post=7656"}],"curies":[{"name":"wp","href":"https:\/\/api.w.org\/{rel}","templated":true}]}}