{"id":7649,"date":"2021-12-23T15:17:36","date_gmt":"2021-12-23T14:17:36","guid":{"rendered":"http:\/\/boutique.vaillante-academie.be\/?post_type=product&#038;p=7649"},"modified":"2023-06-23T15:13:22","modified_gmt":"2023-06-23T13:13:22","slug":"art-strips-champion-du-monde","status":"publish","type":"product","link":"https:\/\/boutique.vaillante-academie.be\/?product=art-strips-champion-du-monde","title":{"rendered":"Art Strips \u00ab\u00a0Champion du monde\u00a0\u00bb"},"content":{"rendered":"<p>Des ann\u00e9es avant les cam\u00e9ras embarqu\u00e9es, Jean Graton place le lecteur derri\u00e8re le volant. Les quatre premi\u00e8res planches de l\u2019album \u00ab\u00a0Champion du monde\u00a0\u00bb lui font faire un tour complet du circuit de Monaco !<\/p>\n<p>Pour lancer la pr\u00e9publication de cette histoire, l\u2019hebdomadaire Tintin lui consacre sa couverture, pour laquelle Jean Graton r\u00e9alisa ce dessin \u00e0 l\u2019encre de Chine.<\/p>\n<p>Finitions :<\/p>\n<ul>\n<li>Tirage sur dibond sous plexiglas<\/li>\n<li>Tirage sur papier Fine Art Hahnem\u00fchle sur support aluminium encadr\u00e9 dans une caisse am\u00e9ricaine.<\/li>\n<\/ul>\n<p>D\u00e9lai et condition de livraison :<\/p>\n<ul>\n<li>D\u00e9lai de fabrication 2 \u00e0 3 semaines<\/li>\n<li>Livr\u00e9 sous carton et film plastique<\/li>\n<\/ul>\n<p>Chaque Michel Vaillant Art Strip est d\u00e9livr\u00e9 avec un Certificat d\u2019Authenticit\u00e9, limit\u00e9 \u00e0 30 exemplaires en Plexiglas et en Papier Fine Art.Papier Fine Art<\/p>\n<p>&nbsp;<\/p>\n<p>Pour toute commande, veuillez envoyer un mail \u00e0 info@vaillante-academie.be ou +32 471 90 58 11<\/p>\n<p>&nbsp;<\/p>\n","protected":false},"excerpt":{"rendered":"<p><span style=\"color: #ff0000;\">Uniquement sur demande<\/span><\/p>\n<p><strong>Dessin pour la couverture<\/strong>\u00a0du Journal Tintin n\u00b032 de 1974<\/p>\n<p><strong>Premi\u00e8re \u00e9dition<\/strong>\u00a0de l\u2019album \u00ab\u00a0Champion du Monde\u00a0\u00bb en 1975<\/p>\n","protected":false},"featured_media":7653,"template":"","meta":[],"product_brand":[],"product_cat":[45],"product_tag":[44,71],"class_list":{"0":"post-7649","1":"product","2":"type-product","3":"status-publish","4":"has-post-thumbnail","6":"product_cat-art-strips","7":"product_tag-art-strips","8":"product_tag-michel-vaillant","10":"first","11":"instock","12":"taxable","13":"shipping-taxable","14":"product-type-simple"},"_links":{"self":[{"href":"https:\/\/boutique.vaillante-academie.be\/index.php?rest_route=\/wp\/v2\/product\/7649","targetHints":{"allow":["GET"]}}],"collection":[{"href":"https:\/\/boutique.vaillante-academie.be\/index.php?rest_route=\/wp\/v2\/product"}],"about":[{"href":"https:\/\/boutique.vaillante-academie.be\/index.php?rest_route=\/wp\/v2\/types\/product"}],"version-history":[{"count":1,"href":"https:\/\/boutique.vaillante-academie.be\/index.php?rest_route=\/wp\/v2\/product\/7649\/revisions"}],"predecessor-version":[{"id":8104,"href":"https:\/\/boutique.vaillante-academie.be\/index.php?rest_route=\/wp\/v2\/product\/7649\/revisions\/8104"}],"wp:featuredmedia":[{"embeddable":true,"href":"https:\/\/boutique.vaillante-academie.be\/index.php?rest_route=\/wp\/v2\/media\/7653"}],"wp:attachment":[{"href":"https:\/\/boutique.vaillante-academie.be\/index.php?rest_route=%2Fwp%2Fv2%2Fmedia&parent=7649"}],"wp:term":[{"taxonomy":"product_brand","embeddable":true,"href":"https:\/\/boutique.vaillante-academie.be\/index.php?rest_route=%2Fwp%2Fv2%2Fproduct_brand&post=7649"},{"taxonomy":"product_cat","embeddable":true,"href":"https:\/\/boutique.vaillante-academie.be\/index.php?rest_route=%2Fwp%2Fv2%2Fproduct_cat&post=7649"},{"taxonomy":"product_tag","embeddable":true,"href":"https:\/\/boutique.vaillante-academie.be\/index.php?rest_route=%2Fwp%2Fv2%2Fproduct_tag&post=7649"}],"curies":[{"name":"wp","href":"https:\/\/api.w.org\/{rel}","templated":true}]}}