{"id":7643,"date":"2021-12-23T14:50:54","date_gmt":"2021-12-23T13:50:54","guid":{"rendered":"http:\/\/boutique.vaillante-academie.be\/?post_type=product&#038;p=7643"},"modified":"2023-06-23T15:14:12","modified_gmt":"2023-06-23T13:14:12","slug":"art-strips-a-fond","status":"publish","type":"product","link":"https:\/\/boutique.vaillante-academie.be\/?product=art-strips-a-fond","title":{"rendered":"Art Strips \u00ab\u00a0A fond\u00a0\u00bb"},"content":{"rendered":"<p>Des ann\u00e9es avant les cam\u00e9ras embarqu\u00e9es, Jean Graton place le lecteur derri\u00e8re le volant. Les quatre premi\u00e8res planches de cet album font un tour complet du circuit de Monaco. Mais au moment de dessiner les compteurs de la F1, Jean Graton h\u00e9site. O\u00f9 situer l\u2019aiguille du compte-tour ? Quel est le r\u00e9gime-moteur d\u2019une Formule 1 \u00e0 cet endroit pr\u00e9cis ? C\u2019est Jacky Ickx qui lui donna la r\u00e9ponse. Le pilote de F1 se rendit au studio de l\u2019artiste, examina chaque dessin et, apr\u00e8s s\u2019\u00eatre enquis du nombre de cylindres de la Vaillante, indiqua \u00e0 Jean Graton la position de l\u2019aiguille du compte-tour \u00e0 chaque endroit du circuit de Monaco.<\/p>\n<p>Finitions :<\/p>\n<ul>\n<li>Tirage sur papier Fine Art Hahnem\u00fchle sur support aluminium encadr\u00e9 dans une caisse am\u00e9ricaine.<\/li>\n<\/ul>\n<p>D\u00e9lai et condition de livraison :<\/p>\n<ul>\n<li>D\u00e9lai de fabrication 2 \u00e0 3 semaines<\/li>\n<li>Livr\u00e9 sous carton et film plastique<\/li>\n<\/ul>\n<p>Chaque Michel Vaillant Art Strip est d\u00e9livr\u00e9 avec un Certificat d\u2019Authenticit\u00e9, en Papier Fine Art.<\/p>\n<p>&nbsp;<\/p>\n<p>Pour toute commande, veuillez envoyer un mail \u00e0 info@vaillante-academie.be ou +32 471 90 58 11<\/p>\n<p>&nbsp;<\/p>\n","protected":false},"excerpt":{"rendered":"<p><span style=\"color: #ff0000;\">Uniquement sur demande<\/span><\/p>\n<p><strong>D\u00e9tail de l\u2019album<\/strong>\u00a0\u00ab\u00a0Champion du monde\u00a0\u00bb<\/p>\n<p><strong>Pr\u00e9publication<\/strong>\u00a0dans le Journal Tintin en 1975<\/p>\n<p><strong>Premi\u00e8re \u00e9dition<\/strong>\u00a0en album en 1975<\/p>\n","protected":false},"featured_media":7648,"template":"","meta":[],"product_brand":[],"product_cat":[45],"product_tag":[44,71],"class_list":{"0":"post-7643","1":"product","2":"type-product","3":"status-publish","4":"has-post-thumbnail","6":"product_cat-art-strips","7":"product_tag-art-strips","8":"product_tag-michel-vaillant","10":"first","11":"instock","12":"taxable","13":"shipping-taxable","14":"product-type-simple"},"_links":{"self":[{"href":"https:\/\/boutique.vaillante-academie.be\/index.php?rest_route=\/wp\/v2\/product\/7643","targetHints":{"allow":["GET"]}}],"collection":[{"href":"https:\/\/boutique.vaillante-academie.be\/index.php?rest_route=\/wp\/v2\/product"}],"about":[{"href":"https:\/\/boutique.vaillante-academie.be\/index.php?rest_route=\/wp\/v2\/types\/product"}],"version-history":[{"count":1,"href":"https:\/\/boutique.vaillante-academie.be\/index.php?rest_route=\/wp\/v2\/product\/7643\/revisions"}],"predecessor-version":[{"id":8105,"href":"https:\/\/boutique.vaillante-academie.be\/index.php?rest_route=\/wp\/v2\/product\/7643\/revisions\/8105"}],"wp:featuredmedia":[{"embeddable":true,"href":"https:\/\/boutique.vaillante-academie.be\/index.php?rest_route=\/wp\/v2\/media\/7648"}],"wp:attachment":[{"href":"https:\/\/boutique.vaillante-academie.be\/index.php?rest_route=%2Fwp%2Fv2%2Fmedia&parent=7643"}],"wp:term":[{"taxonomy":"product_brand","embeddable":true,"href":"https:\/\/boutique.vaillante-academie.be\/index.php?rest_route=%2Fwp%2Fv2%2Fproduct_brand&post=7643"},{"taxonomy":"product_cat","embeddable":true,"href":"https:\/\/boutique.vaillante-academie.be\/index.php?rest_route=%2Fwp%2Fv2%2Fproduct_cat&post=7643"},{"taxonomy":"product_tag","embeddable":true,"href":"https:\/\/boutique.vaillante-academie.be\/index.php?rest_route=%2Fwp%2Fv2%2Fproduct_tag&post=7643"}],"curies":[{"name":"wp","href":"https:\/\/api.w.org\/{rel}","templated":true}]}}