{"id":7637,"date":"2021-12-23T14:35:03","date_gmt":"2021-12-23T13:35:03","guid":{"rendered":"http:\/\/boutique.vaillante-academie.be\/?post_type=product&#038;p=7637"},"modified":"2023-06-23T15:15:29","modified_gmt":"2023-06-23T13:15:29","slug":"art-strips-blue-vaillante-mastery","status":"publish","type":"product","link":"https:\/\/boutique.vaillante-academie.be\/?product=art-strips-blue-vaillante-mastery","title":{"rendered":"Art Strips \u00ab\u00a0Blue Vaillante Mastery\u00a0\u00bb"},"content":{"rendered":"<div>\n<div><\/div>\n<\/div>\n<div>\n<div>\n<p>Grand Prix de F1 de Monaco. Michel Vaillant, talonn\u00e9 par Jim Clark, ne peut se permettre la moindre faute. Jamais une passe d\u2019armes entre deux champions n\u2019a \u00e9t\u00e9 aussi bien d\u00e9crite. \u00ab\u00a0<i>Ces deux pilotes exceptionnellement dou\u00e9s, d\u2019une adresse incroyable, d\u2019une ma\u00eetrise d\u2019eux-m\u00eame stup\u00e9fiante, conduisent ces engins redoutables avec un calme qui ne cesse d\u2019\u00e9tonner<\/i> \u00bb, nous raconte Jean Graton.<\/p>\n<p>Finitions :<\/p>\n<ul>\n<li>Tirage sur dibond sous plexiglas<\/li>\n<li>Tirage sur papier Fine Art Hahnem\u00fchle sur support aluminium encadr\u00e9 dans une caisse am\u00e9ricaine.<\/li>\n<\/ul>\n<p>D\u00e9lai et condition de livraison :<\/p>\n<ul>\n<li>D\u00e9lai de fabrication 2 \u00e0 3 semaines<\/li>\n<li>Livr\u00e9 sous carton et film plastique<\/li>\n<\/ul>\n<p>Chaque Michel Vaillant Art Strip est d\u00e9livr\u00e9 avec un Certificat d\u2019Authenticit\u00e9, limit\u00e9 \u00e0 30 exemplaires en Plexiglas et en Papier Fine Art.<\/p>\n<p>&nbsp;<\/p>\n<p>Pour toute commande, veuillez envoyer un mail \u00e0 info@vaillante-academie.be ou +32 471 90 58 11<\/p>\n<\/div>\n<p>&nbsp;<\/p>\n<\/div>\n","protected":false},"excerpt":{"rendered":"<div>\n<div>\n<div><span style=\"color: #ff0000;\">Uniquement sur demande<\/span><\/div>\n<div><strong>D\u00e9tail de l\u2019album<\/strong>\u00a0\u00ab\u00a0L\u2019honneur du Samoura\u00ef \u00bb<\/div>\n<\/div>\n<\/div>\n<div>\n<div>\n<div>\n<p><strong>Premi\u00e8re publication<\/strong>\u00a0dans le journal Tintin en 1964. Premi\u00e8re \u00e9dition en album en 1966.<\/p>\n<\/div>\n<\/div>\n<\/div>\n","protected":false},"featured_media":7642,"template":"","meta":[],"product_brand":[],"product_cat":[45],"product_tag":[44,71],"class_list":{"0":"post-7637","1":"product","2":"type-product","3":"status-publish","4":"has-post-thumbnail","6":"product_cat-art-strips","7":"product_tag-art-strips","8":"product_tag-michel-vaillant","10":"first","11":"instock","12":"taxable","13":"shipping-taxable","14":"product-type-simple"},"_links":{"self":[{"href":"https:\/\/boutique.vaillante-academie.be\/index.php?rest_route=\/wp\/v2\/product\/7637","targetHints":{"allow":["GET"]}}],"collection":[{"href":"https:\/\/boutique.vaillante-academie.be\/index.php?rest_route=\/wp\/v2\/product"}],"about":[{"href":"https:\/\/boutique.vaillante-academie.be\/index.php?rest_route=\/wp\/v2\/types\/product"}],"version-history":[{"count":1,"href":"https:\/\/boutique.vaillante-academie.be\/index.php?rest_route=\/wp\/v2\/product\/7637\/revisions"}],"predecessor-version":[{"id":8106,"href":"https:\/\/boutique.vaillante-academie.be\/index.php?rest_route=\/wp\/v2\/product\/7637\/revisions\/8106"}],"wp:featuredmedia":[{"embeddable":true,"href":"https:\/\/boutique.vaillante-academie.be\/index.php?rest_route=\/wp\/v2\/media\/7642"}],"wp:attachment":[{"href":"https:\/\/boutique.vaillante-academie.be\/index.php?rest_route=%2Fwp%2Fv2%2Fmedia&parent=7637"}],"wp:term":[{"taxonomy":"product_brand","embeddable":true,"href":"https:\/\/boutique.vaillante-academie.be\/index.php?rest_route=%2Fwp%2Fv2%2Fproduct_brand&post=7637"},{"taxonomy":"product_cat","embeddable":true,"href":"https:\/\/boutique.vaillante-academie.be\/index.php?rest_route=%2Fwp%2Fv2%2Fproduct_cat&post=7637"},{"taxonomy":"product_tag","embeddable":true,"href":"https:\/\/boutique.vaillante-academie.be\/index.php?rest_route=%2Fwp%2Fv2%2Fproduct_tag&post=7637"}],"curies":[{"name":"wp","href":"https:\/\/api.w.org\/{rel}","templated":true}]}}