{"id":7622,"date":"2021-12-22T17:20:16","date_gmt":"2021-12-22T16:20:16","guid":{"rendered":"http:\/\/boutique.vaillante-academie.be\/?post_type=product&#038;p=7622"},"modified":"2023-06-23T15:16:46","modified_gmt":"2023-06-23T13:16:46","slug":"art-strips-box-michel-vaillant","status":"publish","type":"product","link":"https:\/\/boutique.vaillante-academie.be\/?product=art-strips-box-michel-vaillant","title":{"rendered":"Art Strips \u00ab\u00a0Box Michel Vaillant\u00a0\u00bb"},"content":{"rendered":"<p>Au d\u00e9part, il y a les\u00a0<strong>MICHEL VAILLANT ART STRIPS<\/strong>, tableaux originaux adapt\u00e9s de dessins de Jean Graton reproduits en grand format et en tirage tr\u00e8s limit\u00e9s (30 exemplaires).<\/p>\n<p>Un livret d&rsquo;archives :<\/p>\n<p>Livret de 40 pages racontant l\u2019histoire des 13 premiers Michel Vaillant Art Strips.<\/p>\n<p>Les 13 premiers Art Strips Michel Vaillant + 1 :<\/p>\n<p>14 tirages en Papier Fine Art 30x30cm sous pochette de protection individuelle, num\u00e9rot\u00e9s sur 300 exemplaires, reprenant les 13 premiers Michel Vaillant Art Strips dont le dyptique \u00ab Passage Leader \u00bb, soit 14 oeuvres en tout.<\/p>\n<p>Un certificat d&rsquo;authenticit\u00e9 :<\/p>\n<p>Certificat d\u2019Authenticit\u00e9 num\u00e9rot\u00e9 sur 300 exemplaires sign\u00e9 par Philippe Graton et Dominique Chantrenne, \u00a0pr\u00e9sident et directrice artistique de la Fondation Jean Graton.<\/p>\n<p>&nbsp;<\/p>\n<p>Pour toute commande, veuillez envoyer un mail \u00e0 info@vaillante-academie.be ou +32 471 90 58 11<\/p>\n<p>&nbsp;<\/p>\n","protected":false},"excerpt":{"rendered":"<p><span style=\"color: #ff0000;\">Uniquement sur demande<\/span><\/p>\n<p>La\u00a0<strong>MICHEL VAILLANT ART STRIPS\u00a0BOX<\/strong>\u00a0propose les treize premiers Art Strips sur papier Fine Art au format 30 x 30 cm, accompagn\u00e9s d\u2019un livret racontant l\u2019\u00e9pop\u00e9e de ces oeuvres. Un objet original qui permet l\u2019encadrement d\u2019un ou plusieurs Art Strips selon le gout et l\u2019envie de chacun.<\/p>\n","protected":false},"featured_media":7636,"template":"","meta":[],"product_brand":[],"product_cat":[45],"product_tag":[44,71],"class_list":{"0":"post-7622","1":"product","2":"type-product","3":"status-publish","4":"has-post-thumbnail","6":"product_cat-art-strips","7":"product_tag-art-strips","8":"product_tag-michel-vaillant","10":"first","11":"instock","12":"taxable","13":"shipping-taxable","14":"product-type-simple"},"_links":{"self":[{"href":"https:\/\/boutique.vaillante-academie.be\/index.php?rest_route=\/wp\/v2\/product\/7622","targetHints":{"allow":["GET"]}}],"collection":[{"href":"https:\/\/boutique.vaillante-academie.be\/index.php?rest_route=\/wp\/v2\/product"}],"about":[{"href":"https:\/\/boutique.vaillante-academie.be\/index.php?rest_route=\/wp\/v2\/types\/product"}],"version-history":[{"count":1,"href":"https:\/\/boutique.vaillante-academie.be\/index.php?rest_route=\/wp\/v2\/product\/7622\/revisions"}],"predecessor-version":[{"id":8107,"href":"https:\/\/boutique.vaillante-academie.be\/index.php?rest_route=\/wp\/v2\/product\/7622\/revisions\/8107"}],"wp:featuredmedia":[{"embeddable":true,"href":"https:\/\/boutique.vaillante-academie.be\/index.php?rest_route=\/wp\/v2\/media\/7636"}],"wp:attachment":[{"href":"https:\/\/boutique.vaillante-academie.be\/index.php?rest_route=%2Fwp%2Fv2%2Fmedia&parent=7622"}],"wp:term":[{"taxonomy":"product_brand","embeddable":true,"href":"https:\/\/boutique.vaillante-academie.be\/index.php?rest_route=%2Fwp%2Fv2%2Fproduct_brand&post=7622"},{"taxonomy":"product_cat","embeddable":true,"href":"https:\/\/boutique.vaillante-academie.be\/index.php?rest_route=%2Fwp%2Fv2%2Fproduct_cat&post=7622"},{"taxonomy":"product_tag","embeddable":true,"href":"https:\/\/boutique.vaillante-academie.be\/index.php?rest_route=%2Fwp%2Fv2%2Fproduct_tag&post=7622"}],"curies":[{"name":"wp","href":"https:\/\/api.w.org\/{rel}","templated":true}]}}