{"id":7577,"date":"2021-12-22T10:10:10","date_gmt":"2021-12-22T09:10:10","guid":{"rendered":"http:\/\/boutique.vaillante-academie.be\/?post_type=product&amp;p=7577"},"modified":"2024-04-30T14:15:20","modified_gmt":"2024-04-30T12:15:20","slug":"herobook-michel-vaillant","status":"publish","type":"product","link":"https:\/\/boutique.vaillante-academie.be\/?product=herobook-michel-vaillant","title":{"rendered":"HeroBook Michel Vaillant"},"content":{"rendered":"<p>Ce herobook est le format parfait <span class=\"hide\">pour se replonger dans l&rsquo;univers de nos h\u00e9ros pr\u00e9f\u00e9r\u00e9s. Au programme : des portfolios, des galeries de portraits, des<br \/>\nt\u00e9moignages, des secrets d&rsquo;atelier, des frises chronologiques et un<br \/>\ndossier sp\u00e9cial LE MANS!<\/span><\/p>\n<p>PROFESSION PILOTE : Vaillant c&rsquo;est d&rsquo;abord une saga familiale sur 3 g\u00e9n\u00e9rations au service d&rsquo;un groupe industriel. C&rsquo;est aussi le t\u00e9moin de 70 ans de courses auto. Au volant de ses bolides, Michel Vaillant a v\u00e9cu les plus grands moments et bouleversement du sport automobile.<br \/>\nUNE M\u00c9CANIQUE DE PR\u00c9CISION : comment Jean Graton a r\u00e9ussi \u00e0 transmettre son immense passion pour le sport automobile, gr\u00e2ce \u00e0 l&rsquo;ultrar\u00e9alisme de l&rsquo;atmosph\u00e8re des circuits, des voitures, des pilotes&#8230; au point d&rsquo;inspirer des vocations aux plus grands.<br \/>\nPASSION LE MANS : un dossier sp\u00e9cial et complet sur ce circuit et cette course mythique, accompagn\u00e9 d&rsquo;un entretien exclusif avec le directeur sportif des 24h du Mans.<br \/>\nLA SAISON 2 : la s\u00e9rie r\u00e9invent\u00e9e, plus complexe avec de nouveaux d\u00e9fis, expliqu\u00e9 par Denis Lapi\u00e8re, le sc\u00e9nariste et Benjamin Ben\u00e9teau, le dessinateur. Un r\u00e9gal pour les fans. Trouvez aussi des jeux, des infographies&#8230;<\/p>\n<p>Un cadeau id\u00e9al pour tous les passionn\u00e9s de ce pilote de g\u00e9nie.<\/p>\n","protected":false},"excerpt":{"rendered":"<p>HeroBook, vos h\u00e9ros comme vous ne les avez jamais lu ! Pour cette nouveaut\u00e9, plongez-vous dans l&rsquo;univers de Michel Vaillant, ce champion de Formule 1 cr\u00e9\u00e9 par Jean Graton, et d\u00e9couvrez tous ses secrets\u202f!<\/p>\n","protected":false},"featured_media":7578,"template":"","meta":[],"product_brand":[],"product_cat":[47],"product_tag":[64,71],"class_list":{"0":"post-7577","1":"product","2":"type-product","3":"status-publish","4":"has-post-thumbnail","6":"product_cat-bandes-dessinees","7":"product_tag-herobook","8":"product_tag-michel-vaillant","10":"first","11":"outofstock","12":"taxable","13":"shipping-taxable","14":"purchasable","15":"product-type-simple"},"_links":{"self":[{"href":"https:\/\/boutique.vaillante-academie.be\/index.php?rest_route=\/wp\/v2\/product\/7577","targetHints":{"allow":["GET"]}}],"collection":[{"href":"https:\/\/boutique.vaillante-academie.be\/index.php?rest_route=\/wp\/v2\/product"}],"about":[{"href":"https:\/\/boutique.vaillante-academie.be\/index.php?rest_route=\/wp\/v2\/types\/product"}],"version-history":[{"count":0,"href":"https:\/\/boutique.vaillante-academie.be\/index.php?rest_route=\/wp\/v2\/product\/7577\/revisions"}],"wp:featuredmedia":[{"embeddable":true,"href":"https:\/\/boutique.vaillante-academie.be\/index.php?rest_route=\/wp\/v2\/media\/7578"}],"wp:attachment":[{"href":"https:\/\/boutique.vaillante-academie.be\/index.php?rest_route=%2Fwp%2Fv2%2Fmedia&parent=7577"}],"wp:term":[{"taxonomy":"product_brand","embeddable":true,"href":"https:\/\/boutique.vaillante-academie.be\/index.php?rest_route=%2Fwp%2Fv2%2Fproduct_brand&post=7577"},{"taxonomy":"product_cat","embeddable":true,"href":"https:\/\/boutique.vaillante-academie.be\/index.php?rest_route=%2Fwp%2Fv2%2Fproduct_cat&post=7577"},{"taxonomy":"product_tag","embeddable":true,"href":"https:\/\/boutique.vaillante-academie.be\/index.php?rest_route=%2Fwp%2Fv2%2Fproduct_tag&post=7577"}],"curies":[{"name":"wp","href":"https:\/\/api.w.org\/{rel}","templated":true}]}}