{"id":7574,"date":"2021-12-22T10:05:52","date_gmt":"2021-12-22T09:05:52","guid":{"rendered":"http:\/\/boutique.vaillante-academie.be\/?post_type=product&amp;p=7574"},"modified":"2021-12-22T10:05:52","modified_gmt":"2021-12-22T09:05:52","slug":"biographie-de-jean-graton","status":"publish","type":"product","link":"https:\/\/boutique.vaillante-academie.be\/?product=biographie-de-jean-graton","title":{"rendered":"Biographie de Jean Graton"},"content":{"rendered":"<p>La premi\u00e8re biographie consacr\u00e9e \u00e0 Jean Graton surprend par sa richesse, car l&rsquo;immense succ\u00e8s de Michel Vaillant a occult\u00e9 les autres versants <span class=\"hide\">de son talent : les dessins de presse pour le journal Les Sports, Les Belles Histoires de l&rsquo;Oncle Paul dans Spirou, les couvertures de Tintin, Les Labourdet, ainsi que les r\u00e9cits d&rsquo;aventures au f\u00e9minin dans Line et Julie Wood.<\/span><\/p>\n<p><span class=\"hide\"><br \/>\nAvec Michel Vaillant, Jean Graton a racont\u00e9 l&rsquo;aventure automobile \u00e0 plusieurs g\u00e9n\u00e9rations de lecteurs, et contribu\u00e9 \u00e0 initier d&rsquo;innombrables vocations professionnelles tr\u00e8s diff\u00e9rentes. Certains de ses lecteurs passionn\u00e9s sont devenus de grands pilotes, journalistes ou designers.<br \/>\nEn nous retra\u00e7ant le parcours de cet artiste aux multiples talents, Xavier Chimits et Philippe Graton nous font revivre non seulement l&rsquo;\u00e2ge d&rsquo;or du sport automobile, mais aussi la grande \u00e9poque de la Bande Dessin\u00e9e.<\/span><\/p>\n","protected":false},"excerpt":{"rendered":"<p>Un ouvrage magnifique pour ceux qui s&rsquo;int\u00e9ressent au dessin, \u00e0 l&rsquo;automobile, au sport ou \u00e0 la BD.<\/p>\n","protected":false},"featured_media":7575,"template":"","meta":[],"product_brand":[],"product_cat":[49],"product_tag":[50,71],"class_list":{"0":"post-7574","1":"product","2":"type-product","3":"status-publish","4":"has-post-thumbnail","6":"product_cat-biographie","7":"product_tag-biographie","8":"product_tag-michel-vaillant","10":"first","11":"instock","12":"taxable","13":"shipping-taxable","14":"purchasable","15":"product-type-simple"},"_links":{"self":[{"href":"https:\/\/boutique.vaillante-academie.be\/index.php?rest_route=\/wp\/v2\/product\/7574","targetHints":{"allow":["GET"]}}],"collection":[{"href":"https:\/\/boutique.vaillante-academie.be\/index.php?rest_route=\/wp\/v2\/product"}],"about":[{"href":"https:\/\/boutique.vaillante-academie.be\/index.php?rest_route=\/wp\/v2\/types\/product"}],"version-history":[{"count":0,"href":"https:\/\/boutique.vaillante-academie.be\/index.php?rest_route=\/wp\/v2\/product\/7574\/revisions"}],"wp:featuredmedia":[{"embeddable":true,"href":"https:\/\/boutique.vaillante-academie.be\/index.php?rest_route=\/wp\/v2\/media\/7575"}],"wp:attachment":[{"href":"https:\/\/boutique.vaillante-academie.be\/index.php?rest_route=%2Fwp%2Fv2%2Fmedia&parent=7574"}],"wp:term":[{"taxonomy":"product_brand","embeddable":true,"href":"https:\/\/boutique.vaillante-academie.be\/index.php?rest_route=%2Fwp%2Fv2%2Fproduct_brand&post=7574"},{"taxonomy":"product_cat","embeddable":true,"href":"https:\/\/boutique.vaillante-academie.be\/index.php?rest_route=%2Fwp%2Fv2%2Fproduct_cat&post=7574"},{"taxonomy":"product_tag","embeddable":true,"href":"https:\/\/boutique.vaillante-academie.be\/index.php?rest_route=%2Fwp%2Fv2%2Fproduct_tag&post=7574"}],"curies":[{"name":"wp","href":"https:\/\/api.w.org\/{rel}","templated":true}]}}