{"id":7561,"date":"2021-12-10T20:06:14","date_gmt":"2021-12-10T19:06:14","guid":{"rendered":"http:\/\/boutique.vaillante-academie.be\/?post_type=product&#038;p=7561"},"modified":"2023-06-23T15:43:03","modified_gmt":"2023-06-23T13:43:03","slug":"combinaison-rss-fia-evo2-michel-vaillant-bleue","status":"publish","type":"product","link":"https:\/\/boutique.vaillante-academie.be\/?product=combinaison-rss-fia-evo2-michel-vaillant-bleue","title":{"rendered":"Combinaison RSS FIA EVO2 Michel Vaillant bleue"},"content":{"rendered":"<p>Si vous aimez les automobiles et la bande dessin\u00e9e vous avez forcement eu entre les mains un album de Michel Vaillant.<\/p>\n<p>Cr\u00e9e en 1959 par Jean Graton avec \u00ab Le Grand D\u00e9fi \u00bb, cette saga a r\u00e9ussi tout au long de ses 70 tomes (pour la saison<span class=\"hide\">\u00a01, une deuxi\u00e8me saison fut lanc\u00e9e d\u00e8s 2012 et compte aujourd&rsquo;hui 8 tomes.) \u00e0 cr\u00e9er un univers profond avec une galaxie de personnages, le clan Vaillant, Steve Warson, ou encore Cramer et Hawkins.<\/span><\/p>\n<p>De plus, la minutie du dessin pour repr\u00e9senter les c\u00e9l\u00e8bres circuits (le Mans, Monaco, Indianapolis&#8230;) vaut \u00e0 Jean Graton une reconnaissance internationale dans le milieu automobile. Il deviendra m\u00eame ami avec plusieurs sportifs comme Jackyy Ickx (6 fois victorieux aux 24 heures du Mans) qu&rsquo;il n&rsquo;h\u00e9sitera pas \u00e0 faire figurer dans diff\u00e9rents albums. Michel Vaillant est donc une licence culte qui a fait r\u00eaver des g\u00e9n\u00e9rations enti\u00e8res d&rsquo;enfants (et de grands enfants) et m\u00eame r\u00e9v\u00e9l\u00e9 sa vocation \u00e0 Alain Prost.<\/p>\n<p>Que vous soyez un (ou une) pilote aguerri, un novice en qu\u00eate de sensations ou encore un fanatique de l&rsquo;univers de Jean Graton, cette combinaison ultra l\u00e9g\u00e8re (1.4 kg) r\u00e9pondra \u00e0 vos attentes en plus d&rsquo;\u00eatre adapt\u00e9e \u00e0 toutes les morphologies (du XS au XXXL).<\/p>\n<p>La ceinture peut \u00eatre personnalis\u00e9e gratuitement avec petit texte de votre choix (merci de nous contacter au moment de l&rsquo;achat pour l&rsquo;obtention de cette personnalisation).<\/p>\n","protected":false},"excerpt":{"rendered":"<p><span class=\"hide\">Aujourd&rsquo;hui, cette c\u00e9l\u00e8bre franchise rencontre RRS, les sp\u00e9cialistes du sport automobile qui con\u00e7oivent des articles homologu\u00e9s FIA tel que des combinaisons sur-mesure, des gants, des bottines, des casques ou encore des harnais. Le perfectionnisme de RRS coupl\u00e9 \u00e0 l&rsquo;imagerie Michel Vaillant donne aujourd&rsquo;hui cette sublime combinaison pilote RRS FIA EVO2 d&rsquo;un bleu \u00e9clatant.<\/span><\/p>\n","protected":false},"featured_media":7562,"template":"","meta":[],"product_brand":[],"product_cat":[84],"product_tag":[53,58],"class_list":{"0":"post-7561","1":"product","2":"type-product","3":"status-publish","4":"has-post-thumbnail","6":"product_cat-textiles","7":"product_tag-bleu","8":"product_tag-combinaison","10":"first","11":"outofstock","12":"taxable","13":"shipping-taxable","14":"purchasable","15":"product-type-variable"},"_links":{"self":[{"href":"https:\/\/boutique.vaillante-academie.be\/index.php?rest_route=\/wp\/v2\/product\/7561","targetHints":{"allow":["GET"]}}],"collection":[{"href":"https:\/\/boutique.vaillante-academie.be\/index.php?rest_route=\/wp\/v2\/product"}],"about":[{"href":"https:\/\/boutique.vaillante-academie.be\/index.php?rest_route=\/wp\/v2\/types\/product"}],"version-history":[{"count":1,"href":"https:\/\/boutique.vaillante-academie.be\/index.php?rest_route=\/wp\/v2\/product\/7561\/revisions"}],"predecessor-version":[{"id":8116,"href":"https:\/\/boutique.vaillante-academie.be\/index.php?rest_route=\/wp\/v2\/product\/7561\/revisions\/8116"}],"wp:featuredmedia":[{"embeddable":true,"href":"https:\/\/boutique.vaillante-academie.be\/index.php?rest_route=\/wp\/v2\/media\/7562"}],"wp:attachment":[{"href":"https:\/\/boutique.vaillante-academie.be\/index.php?rest_route=%2Fwp%2Fv2%2Fmedia&parent=7561"}],"wp:term":[{"taxonomy":"product_brand","embeddable":true,"href":"https:\/\/boutique.vaillante-academie.be\/index.php?rest_route=%2Fwp%2Fv2%2Fproduct_brand&post=7561"},{"taxonomy":"product_cat","embeddable":true,"href":"https:\/\/boutique.vaillante-academie.be\/index.php?rest_route=%2Fwp%2Fv2%2Fproduct_cat&post=7561"},{"taxonomy":"product_tag","embeddable":true,"href":"https:\/\/boutique.vaillante-academie.be\/index.php?rest_route=%2Fwp%2Fv2%2Fproduct_tag&post=7561"}],"curies":[{"name":"wp","href":"https:\/\/api.w.org\/{rel}","templated":true}]}}