{"id":7550,"date":"2021-12-10T19:33:42","date_gmt":"2021-12-10T18:33:42","guid":{"rendered":"http:\/\/boutique.vaillante-academie.be\/?post_type=product&#038;p=7550"},"modified":"2023-11-14T14:31:16","modified_gmt":"2023-11-14T13:31:16","slug":"gants-pilote-fia-rss-michel-vaillant-bleus","status":"publish","type":"product","link":"https:\/\/boutique.vaillante-academie.be\/?product=gants-pilote-fia-rss-michel-vaillant-bleus","title":{"rendered":"Gants pilote FIA RSS Michel Vaillant bleus"},"content":{"rendered":"<p><strong><span style=\"color: #ff0000;\">OUT OF STOCK<\/span><\/strong><\/p>\n<p>L&rsquo;histoire de la bande dessin\u00e9e franco-Belge a toujours \u00e9t\u00e9 travers\u00e9e par des v\u00e9hicules en tout genre. On peut citer les avions de Buck Danny, ou le vol 714 pour Sidney, les motos de la Joe Bar Team, le Transperceneige dans la BD \u00e9ponyme ou\u00a0<span class=\"hide\">encore le Fantacopt\u00e8re chez Spirou et Fantasio.<\/span><\/p>\n<p>Pour autant, le v\u00e9hicule le plus utilis\u00e9 est sans conteste la voiture. D\u00e9j\u00e0, parce qu&rsquo;elle est partout dans notre quotidien, et donc dans sa repr\u00e9sentation sous forme de planche, et ensuite parce que l&rsquo;automobile a passionn\u00e9 des g\u00e9n\u00e9rations enti\u00e8res d&rsquo;auteurs. Franquin tout d&rsquo;abord qui n&rsquo;aura de cesse d&rsquo;agr\u00e9menter ses cases de voitures ultra d\u00e9taill\u00e9es, Herg\u00e9 ensuite avec la c\u00e9l\u00e9brissime jeep rouge de l&rsquo;Or Noir et enfin Jean Graton. Si le nom de ce dernier est peut-\u00eatre un peu moins connu que les deux autres, sa cr\u00e9ation elle l&rsquo;est tout autant puisque ce n&rsquo;est autre que Michel Vaillant.<\/p>\n<p>Un sens du d\u00e9tail impressionnant, des aventures palpitantes, une multitude de personnages et une long\u00e9vit\u00e9 \u00e0 toute \u00e9preuve (presque 80 tomes), Michel Vaillant est sans conteste LA bande dessin\u00e9e pour les mordus de sports automobiles.<\/p>\n<p>&nbsp;<\/p>\n","protected":false},"excerpt":{"rendered":"<p><span class=\"hide\">En prenant comme base ce prestigieux h\u00e9ritage, RRS, le sp\u00e9cialiste des accessoires de sports automobiles, a cr\u00e9\u00e9 ces gants pilote FIA RRS Michel Vaillant Bleus. Mi- longs, ergonomiques, avec couture invers\u00e9e, des inserts en polyur\u00e9thane et un maintien par plastique int\u00e9gr\u00e9 en plus d&rsquo;\u00eatre homologu\u00e9s (FIA : 8856-2000), ils sont sans conteste les accessoires id\u00e9aux pour les amateurs (ou amatrices) de sensations fortes.<\/span><\/p>\n","protected":false},"featured_media":7551,"template":"","meta":[],"product_brand":[],"product_cat":[78],"product_tag":[60,79],"class_list":{"0":"post-7550","1":"product","2":"type-product","3":"status-publish","4":"has-post-thumbnail","6":"product_cat-produits-derives","7":"product_tag-gants","8":"product_tag-rouge","10":"first","11":"outofstock","12":"taxable","13":"shipping-taxable","14":"product-type-variable"},"_links":{"self":[{"href":"https:\/\/boutique.vaillante-academie.be\/index.php?rest_route=\/wp\/v2\/product\/7550","targetHints":{"allow":["GET"]}}],"collection":[{"href":"https:\/\/boutique.vaillante-academie.be\/index.php?rest_route=\/wp\/v2\/product"}],"about":[{"href":"https:\/\/boutique.vaillante-academie.be\/index.php?rest_route=\/wp\/v2\/types\/product"}],"version-history":[{"count":3,"href":"https:\/\/boutique.vaillante-academie.be\/index.php?rest_route=\/wp\/v2\/product\/7550\/revisions"}],"predecessor-version":[{"id":8481,"href":"https:\/\/boutique.vaillante-academie.be\/index.php?rest_route=\/wp\/v2\/product\/7550\/revisions\/8481"}],"wp:featuredmedia":[{"embeddable":true,"href":"https:\/\/boutique.vaillante-academie.be\/index.php?rest_route=\/wp\/v2\/media\/7551"}],"wp:attachment":[{"href":"https:\/\/boutique.vaillante-academie.be\/index.php?rest_route=%2Fwp%2Fv2%2Fmedia&parent=7550"}],"wp:term":[{"taxonomy":"product_brand","embeddable":true,"href":"https:\/\/boutique.vaillante-academie.be\/index.php?rest_route=%2Fwp%2Fv2%2Fproduct_brand&post=7550"},{"taxonomy":"product_cat","embeddable":true,"href":"https:\/\/boutique.vaillante-academie.be\/index.php?rest_route=%2Fwp%2Fv2%2Fproduct_cat&post=7550"},{"taxonomy":"product_tag","embeddable":true,"href":"https:\/\/boutique.vaillante-academie.be\/index.php?rest_route=%2Fwp%2Fv2%2Fproduct_tag&post=7550"}],"curies":[{"name":"wp","href":"https:\/\/api.w.org\/{rel}","templated":true}]}}