{"id":7545,"date":"2021-12-09T17:04:32","date_gmt":"2021-12-09T16:04:32","guid":{"rendered":"http:\/\/boutique.vaillante-academie.be\/?post_type=product&#038;p=7545"},"modified":"2023-11-14T14:40:35","modified_gmt":"2023-11-14T13:40:35","slug":"gants-pilote-rss-michel-vaillant-rouges","status":"publish","type":"product","link":"https:\/\/boutique.vaillante-academie.be\/?product=gants-pilote-rss-michel-vaillant-rouges","title":{"rendered":"Gants pilote RSS Michel Vaillant rouges"},"content":{"rendered":"<p><strong><span style=\"color: #ff0000;\">OUT OF STOCK<\/span><\/strong><\/p>\n<p>Tout sportif a son accessoire, un javelot, un poids ou un disque pour les lanceurs, une raquette pour les tennismen, un ballon chez les footballers ou encore un Kimono pour les combattants en tout genre.Concernant les pilotes automobiles, on peut\u00a0<span class=\"hide\">arguer que le casque ou la combinaison sont des \u00e9l\u00e9ments indispensables (et \u00e0 ce propos vous pouvez trouver la combinaison Michel Vaillant sur notre site) mais ce serait oublier l&rsquo;\u00e9l\u00e9ment qui assure une maitrise du volant \u00e0 ces vitesses d\u00e9mentielles : Les Gants.<br \/>\n<\/span><\/p>\n<p><span class=\"hide\">Jean Graton, cr\u00e9ateur de Michel Vaillant, a toujours pouss\u00e9 les d\u00e9tails \u00e0 l&rsquo;extr\u00eame dans ses oeuvres afin de retranscrire du mieux possible sa passion pour la course automobile. Des v\u00e9hicules aux combinaisons en passant par les circuits, tout y passe et fait, encore aujourd&rsquo;hui, de Michel Vaillant une r\u00e9f\u00e9rence pour les amateurs de conduite.En prenant en compte ce prestigieux h\u00e9ritage, RRS, le sp\u00e9cialiste des accessoires de sports automobiles, a cr\u00e9\u00e9 ces gants pilote FIA RRS Michel Vaillant rouges.<br \/>\n<\/span><\/p>\n","protected":false},"excerpt":{"rendered":"<p><span class=\"hide\">Mi- longs, ergonomiques, avec couture invers\u00e9e, des inserts en polyur\u00e9thane et un maintien par plastique int\u00e9gr\u00e9 en plus d&rsquo;\u00eatre homologu\u00e9s (FIA : 8856-2000), ils sont les accessoires id\u00e9aux des pilotes aguerris comme des novices ou simplement des fans de l&rsquo;oeuvre de Jean Graton.<\/span><\/p>\n","protected":false},"featured_media":7547,"template":"","meta":[],"product_brand":[],"product_cat":[78],"product_tag":[60,79],"class_list":{"0":"post-7545","1":"product","2":"type-product","3":"status-publish","4":"has-post-thumbnail","6":"product_cat-produits-derives","7":"product_tag-gants","8":"product_tag-rouge","10":"first","11":"outofstock","12":"taxable","13":"shipping-taxable","14":"product-type-variable"},"_links":{"self":[{"href":"https:\/\/boutique.vaillante-academie.be\/index.php?rest_route=\/wp\/v2\/product\/7545","targetHints":{"allow":["GET"]}}],"collection":[{"href":"https:\/\/boutique.vaillante-academie.be\/index.php?rest_route=\/wp\/v2\/product"}],"about":[{"href":"https:\/\/boutique.vaillante-academie.be\/index.php?rest_route=\/wp\/v2\/types\/product"}],"version-history":[{"count":3,"href":"https:\/\/boutique.vaillante-academie.be\/index.php?rest_route=\/wp\/v2\/product\/7545\/revisions"}],"predecessor-version":[{"id":8483,"href":"https:\/\/boutique.vaillante-academie.be\/index.php?rest_route=\/wp\/v2\/product\/7545\/revisions\/8483"}],"wp:featuredmedia":[{"embeddable":true,"href":"https:\/\/boutique.vaillante-academie.be\/index.php?rest_route=\/wp\/v2\/media\/7547"}],"wp:attachment":[{"href":"https:\/\/boutique.vaillante-academie.be\/index.php?rest_route=%2Fwp%2Fv2%2Fmedia&parent=7545"}],"wp:term":[{"taxonomy":"product_brand","embeddable":true,"href":"https:\/\/boutique.vaillante-academie.be\/index.php?rest_route=%2Fwp%2Fv2%2Fproduct_brand&post=7545"},{"taxonomy":"product_cat","embeddable":true,"href":"https:\/\/boutique.vaillante-academie.be\/index.php?rest_route=%2Fwp%2Fv2%2Fproduct_cat&post=7545"},{"taxonomy":"product_tag","embeddable":true,"href":"https:\/\/boutique.vaillante-academie.be\/index.php?rest_route=%2Fwp%2Fv2%2Fproduct_tag&post=7545"}],"curies":[{"name":"wp","href":"https:\/\/api.w.org\/{rel}","templated":true}]}}