{"id":7539,"date":"2021-12-09T16:37:46","date_gmt":"2021-12-09T15:37:46","guid":{"rendered":"http:\/\/boutique.vaillante-academie.be\/?post_type=product&#038;p=7539"},"modified":"2023-06-16T15:59:22","modified_gmt":"2023-06-16T13:59:22","slug":"masque-bd-bleu-michel-vaillant","status":"publish","type":"product","link":"https:\/\/boutique.vaillante-academie.be\/?product=masque-bd-bleu-michel-vaillant","title":{"rendered":"Masque Michel Vaillant BD bleu"},"content":{"rendered":"<p>Quand l&rsquo;atelier Renault rencontre Michel Vaillant, cela donne une gamme vestimentaire qui fait autant honneur au constructeur automobile qu&rsquo;au pilote fictif de Jean Graton.<\/p>\n<p>Des polos, des cuirs et des T-shirts vous sont propos\u00e9s en\u00a0<span class=\"hide\">diff\u00e9rentes tailles ainsi que des masques.<\/span><\/p>\n<p>&nbsp;<\/p>\n","protected":false},"excerpt":{"rendered":"<p><span class=\"hide\">Accessoire de l&rsquo;ann\u00e9e 2020, il \u00e9pousera la forme de votre visage vous mettant ainsi \u00e0 l&rsquo;abri de toute contamination tout en arborant fi\u00e8rement votre amour de la bande dessin\u00e9e.<\/span><\/p>\n","protected":false},"featured_media":7540,"template":"","meta":[],"product_brand":[],"product_cat":[84],"product_tag":[53,70],"class_list":{"0":"post-7539","1":"product","2":"type-product","3":"status-publish","4":"has-post-thumbnail","6":"product_cat-textiles","7":"product_tag-bleu","8":"product_tag-masque","10":"first","11":"instock","12":"taxable","13":"shipping-taxable","14":"purchasable","15":"product-type-simple"},"_links":{"self":[{"href":"https:\/\/boutique.vaillante-academie.be\/index.php?rest_route=\/wp\/v2\/product\/7539","targetHints":{"allow":["GET"]}}],"collection":[{"href":"https:\/\/boutique.vaillante-academie.be\/index.php?rest_route=\/wp\/v2\/product"}],"about":[{"href":"https:\/\/boutique.vaillante-academie.be\/index.php?rest_route=\/wp\/v2\/types\/product"}],"version-history":[{"count":0,"href":"https:\/\/boutique.vaillante-academie.be\/index.php?rest_route=\/wp\/v2\/product\/7539\/revisions"}],"wp:featuredmedia":[{"embeddable":true,"href":"https:\/\/boutique.vaillante-academie.be\/index.php?rest_route=\/wp\/v2\/media\/7540"}],"wp:attachment":[{"href":"https:\/\/boutique.vaillante-academie.be\/index.php?rest_route=%2Fwp%2Fv2%2Fmedia&parent=7539"}],"wp:term":[{"taxonomy":"product_brand","embeddable":true,"href":"https:\/\/boutique.vaillante-academie.be\/index.php?rest_route=%2Fwp%2Fv2%2Fproduct_brand&post=7539"},{"taxonomy":"product_cat","embeddable":true,"href":"https:\/\/boutique.vaillante-academie.be\/index.php?rest_route=%2Fwp%2Fv2%2Fproduct_cat&post=7539"},{"taxonomy":"product_tag","embeddable":true,"href":"https:\/\/boutique.vaillante-academie.be\/index.php?rest_route=%2Fwp%2Fv2%2Fproduct_tag&post=7539"}],"curies":[{"name":"wp","href":"https:\/\/api.w.org\/{rel}","templated":true}]}}