{"id":7533,"date":"2021-12-09T16:15:57","date_gmt":"2021-12-09T15:15:57","guid":{"rendered":"http:\/\/boutique.vaillante-academie.be\/?post_type=product&amp;p=7533"},"modified":"2023-06-23T14:56:39","modified_gmt":"2023-06-23T12:56:39","slug":"cuir-fast-bleu-marine-victoire-michel-vaillant","status":"publish","type":"product","link":"https:\/\/boutique.vaillante-academie.be\/?product=cuir-fast-bleu-marine-victoire-michel-vaillant","title":{"rendered":"Cuir Michel Vaillant Fast bleu marine VICTOIRE"},"content":{"rendered":"<p>Y a-t-il besoin de repr\u00e9senter Michel Vaillant, le h\u00e9ros de Jean Graton qui peuple les \u00e9tag\u00e8res des amateurs de bande dessin\u00e9e depuis 1957 ? Sans doute pas. Ce pilote automobile que rien n&rsquo;arr\u00eate rencontre aujourd&rsquo;hui les artisans de l&rsquo;atelier\u00a0<span class=\"hide\">Renault pour une collaboration textile qui vous propose des T-shirt, des Polos, des blousons en cuir, et m\u00eame des masques !<\/span><\/p>\n<p><span class=\"hide\">Ce blouson est disponible en cinq tailles : S-M-L-XL-XXL<\/span><\/p>\n","protected":false},"excerpt":{"rendered":"<p><span class=\"hide\">Retrouvez ici ce blouson en cuir mod\u00e8le \u00ab Fast \u00bb 100 % cuir (agneau plong\u00e9 et teinture v\u00e9g\u00e9tale pigment\u00e9e) avec un embossage du logo Vaillant c\u00f4t\u00e9 coeur, une doublure int\u00e9rieur print Michel Vaillant ainsi qu&rsquo;une vignette de col Michel Vaillant exclusive.<\/span><\/p>\n","protected":false},"featured_media":7534,"template":"","meta":[],"product_brand":[],"product_cat":[84],"product_tag":[88],"class_list":{"0":"post-7533","1":"product","2":"type-product","3":"status-publish","4":"has-post-thumbnail","6":"product_cat-textiles","7":"product_tag-veste-cuir","9":"first","10":"instock","11":"taxable","12":"shipping-taxable","13":"purchasable","14":"product-type-variable"},"_links":{"self":[{"href":"https:\/\/boutique.vaillante-academie.be\/index.php?rest_route=\/wp\/v2\/product\/7533","targetHints":{"allow":["GET"]}}],"collection":[{"href":"https:\/\/boutique.vaillante-academie.be\/index.php?rest_route=\/wp\/v2\/product"}],"about":[{"href":"https:\/\/boutique.vaillante-academie.be\/index.php?rest_route=\/wp\/v2\/types\/product"}],"version-history":[{"count":0,"href":"https:\/\/boutique.vaillante-academie.be\/index.php?rest_route=\/wp\/v2\/product\/7533\/revisions"}],"wp:featuredmedia":[{"embeddable":true,"href":"https:\/\/boutique.vaillante-academie.be\/index.php?rest_route=\/wp\/v2\/media\/7534"}],"wp:attachment":[{"href":"https:\/\/boutique.vaillante-academie.be\/index.php?rest_route=%2Fwp%2Fv2%2Fmedia&parent=7533"}],"wp:term":[{"taxonomy":"product_brand","embeddable":true,"href":"https:\/\/boutique.vaillante-academie.be\/index.php?rest_route=%2Fwp%2Fv2%2Fproduct_brand&post=7533"},{"taxonomy":"product_cat","embeddable":true,"href":"https:\/\/boutique.vaillante-academie.be\/index.php?rest_route=%2Fwp%2Fv2%2Fproduct_cat&post=7533"},{"taxonomy":"product_tag","embeddable":true,"href":"https:\/\/boutique.vaillante-academie.be\/index.php?rest_route=%2Fwp%2Fv2%2Fproduct_tag&post=7533"}],"curies":[{"name":"wp","href":"https:\/\/api.w.org\/{rel}","templated":true}]}}