{"id":3751,"date":"2018-09-06T13:27:17","date_gmt":"2018-09-06T13:27:17","guid":{"rendered":"https:\/\/www.ekko-wp.com\/product\/import-placeholder-for-3322\/"},"modified":"2023-06-23T15:34:15","modified_gmt":"2023-06-23T13:34:15","slug":"tee-shirt-michel-vaillant-vraow","status":"publish","type":"product","link":"https:\/\/boutique.vaillante-academie.be\/?product=tee-shirt-michel-vaillant-vraow","title":{"rendered":"Tee-shirt Michel Vaillant VRAOW"},"content":{"rendered":"","protected":false},"excerpt":{"rendered":"<p>Issu d&rsquo;une collaboration, Michel Vaillant x l&rsquo;Atelier Renault, le tee-shirt pour Homme est un v\u00eatement d\u00e9contract\u00e9 qui se coordonnera \u00e0 pratiquement toute votre garde-robe et dont les prints iconiques issus de l&rsquo;histoire de Michel Vaillant s\u00e9duira tous les Fans.<\/p>\n","protected":false},"featured_media":7526,"template":"","meta":[],"product_brand":[],"product_cat":[84],"product_tag":[63,83],"class_list":{"0":"post-3751","1":"product","2":"type-product","3":"status-publish","4":"has-post-thumbnail","6":"product_cat-textiles","7":"product_tag-gris-chine","8":"product_tag-tee-shirt","10":"first","11":"instock","12":"featured","13":"taxable","14":"shipping-taxable","15":"purchasable","16":"product-type-variable"},"_links":{"self":[{"href":"https:\/\/boutique.vaillante-academie.be\/index.php?rest_route=\/wp\/v2\/product\/3751","targetHints":{"allow":["GET"]}}],"collection":[{"href":"https:\/\/boutique.vaillante-academie.be\/index.php?rest_route=\/wp\/v2\/product"}],"about":[{"href":"https:\/\/boutique.vaillante-academie.be\/index.php?rest_route=\/wp\/v2\/types\/product"}],"version-history":[{"count":1,"href":"https:\/\/boutique.vaillante-academie.be\/index.php?rest_route=\/wp\/v2\/product\/3751\/revisions"}],"predecessor-version":[{"id":8114,"href":"https:\/\/boutique.vaillante-academie.be\/index.php?rest_route=\/wp\/v2\/product\/3751\/revisions\/8114"}],"wp:featuredmedia":[{"embeddable":true,"href":"https:\/\/boutique.vaillante-academie.be\/index.php?rest_route=\/wp\/v2\/media\/7526"}],"wp:attachment":[{"href":"https:\/\/boutique.vaillante-academie.be\/index.php?rest_route=%2Fwp%2Fv2%2Fmedia&parent=3751"}],"wp:term":[{"taxonomy":"product_brand","embeddable":true,"href":"https:\/\/boutique.vaillante-academie.be\/index.php?rest_route=%2Fwp%2Fv2%2Fproduct_brand&post=3751"},{"taxonomy":"product_cat","embeddable":true,"href":"https:\/\/boutique.vaillante-academie.be\/index.php?rest_route=%2Fwp%2Fv2%2Fproduct_cat&post=3751"},{"taxonomy":"product_tag","embeddable":true,"href":"https:\/\/boutique.vaillante-academie.be\/index.php?rest_route=%2Fwp%2Fv2%2Fproduct_tag&post=3751"}],"curies":[{"name":"wp","href":"https:\/\/api.w.org\/{rel}","templated":true}]}}